{"id":2630,"date":"2020-05-20T14:41:00","date_gmt":"2020-05-20T12:41:00","guid":{"rendered":"https:\/\/montedecutamilla.com\/cookie-policy\/"},"modified":"2020-05-20T14:41:00","modified_gmt":"2020-05-20T12:41:00","slug":"cookie-policy","status":"publish","type":"page","link":"https:\/\/montedecutamilla.com\/en\/cookie-policy\/","title":{"rendered":"Cookie Policy"},"content":{"rendered":"\t\t<div data-elementor-type=\"wp-page\" data-elementor-id=\"2630\" class=\"elementor elementor-2630 elementor-2085\" data-elementor-post-type=\"page\">\n\t\t\t\t\t\t<section class=\"elementor-section elementor-top-section elementor-element elementor-element-2262536c elementor-section-boxed elementor-section-height-default elementor-section-height-default\" data-id=\"2262536c\" data-element_type=\"section\" data-e-type=\"section\">\n\t\t\t\t\t\t<div class=\"elementor-container elementor-column-gap-default\">\n\t\t\t\t\t<div class=\"elementor-column elementor-col-100 elementor-top-column elementor-element elementor-element-35f1560b\" data-id=\"35f1560b\" data-element_type=\"column\" data-e-type=\"column\">\n\t\t\t<div class=\"elementor-widget-wrap elementor-element-populated\">\n\t\t\t\t\t\t<div class=\"elementor-element elementor-element-3b29a77f elementor-widget elementor-widget-text-editor\" data-id=\"3b29a77f\" data-element_type=\"widget\" data-e-type=\"widget\" data-widget_type=\"text-editor.default\">\n\t\t\t\t<div class=\"elementor-widget-container\">\n\t\t\t\t\t\t\t\t\t<div>\n<h3>\u00bfQu\u00e9 son las cookies?<\/h3>\n<div>\n<p>Una cookie es un peque\u00f1o fragmento de texto que los sitios web que visita env\u00edan al navegador y que permite que el sitio web recuerde informaci\u00f3n sobre su visita, como su idioma preferido y otras opciones, con el fin de facilitar su pr\u00f3xima visita y hacer que el sitio le resulte m\u00e1s \u00fatil. Las cookies desempe\u00f1an un papel muy importante y contribuyen a tener una mejor experiencia de navegaci\u00f3n para el usuario.<\/p>\n<\/div>\n<h3>Tipos de cookies<\/h3>\n<div>\n<p>Seg\u00fan qui\u00e9n sea la entidad que gestione el dominio desde d\u00f3nde se env\u00edan las cookies y se traten los datos que se obtengan, se pueden distinguir dos tipos: cookies propias y cookies de terceros.<\/p>\n<p>Existe tambi\u00e9n una segunda clasificaci\u00f3n seg\u00fan el plazo de tiempo que permanecen almacenadas en el navegador del cliente, pudiendo tratarse de cookies de sesi\u00f3n o cookies persistentes.<\/p>\n<p>Por \u00faltimo, existe otra clasificaci\u00f3n con cinco tipos de cookies seg\u00fan la finalidad para la que se traten los datos obtenidos: cookies t\u00e9cnicas, cookies de personalizaci\u00f3n, cookies de an\u00e1lisis, cookies publicitarias y cookies de publicidad comportamental.<\/p>\n<p>Para m\u00e1s informaci\u00f3n a este respecto puede consultar la Gu\u00eda sobre el uso de las cookies de la Agencia Espa\u00f1ola de Protecci\u00f3n de Datos.<\/p>\n<\/div>\n<h3>Cookies utilizadas en la web<\/h3>\n<div><b>Doubleclick.com:<\/b><\/div>\n<div>Son cookies publicitarias; se usan para mejorar la publicidad. Suelen utilizarse para orientar la publicidad seg\u00fan el contenido que es relevante para un usuario, mejorar los informes de rendimiento de la campa\u00f1a y evitar mostrar anuncios que el usuario ya haya visto.<br><\/div>\n<div><br><\/div>\n<div><b>Facebook.com:<\/b><\/div>\n<div>\n<div>Descripci\u00f3n: Sistema de compartici\u00f3n en redes sociales. En nuestro site aportamos la funci\u00f3n que permite a los visitantes compartir nuestra web a trav\u00e9s de Facebook, Twitter, correo electr\u00f3nico y otros medios. Esta funci\u00f3n incluye e utiliza una cookie para recopilar informaci\u00f3n an\u00f3nima cuando visita nuestro site. Aunque no presentamos anuncios en nuestra web, AddThis puede utilizar la informaci\u00f3n que no le identifica personalmente recogida durante su visita, para que otros sitios pongan anuncios sobre bienes y servicios que puedan ser de inter\u00e9s para usted.<\/div>\n<div>Propia\/de terceros: Terceros<\/div>\n<div>Finalidad:Funcionalidad<\/div>\n<div>Fecha de caducidad: 24 meses<\/div>\n<div>Excluida\/No excluida (del deber de la informaci\u00f3n y consentimiento): No excluida<\/div>\n<\/div>\n<div><br><\/div>\n<div><b><span style=\"color: inherit; font-family: inherit; font-style: inherit;\">Google.com:<\/span><br><\/b><\/div>\n<div>\n<div>inalidad de la cookie: Preferencias<\/div>\n<div>Descripci\u00f3n de la cookie: La cookie PREF y NID puede almacenar tus preferencias y otra informaci\u00f3n, en concreto tu idioma preferido (por ejemplo, ingl\u00e9s), as\u00ed como el n\u00famero de resultados de b\u00fasqueda que quieres que se muestren por p\u00e1gina (por ejemplo, 10 o 20)&nbsp; (Cookies: PREF, NID)<\/div>\n<div>M\u00e1s informaci\u00f3n del uso de las cookies de terceros:<\/div>\n<div>https:\/\/developers.google.com\/analytics\/devguides\/collection\/analyticsjs\/cookie-usage<\/div>\n<\/div>\n<div><br><\/div>\n<div><b>Vimeo.com:<\/b><\/div>\n<div>\n<div>Finalidad de la cookie: Analiticas\/Preferencias<\/div>\n<div>Descripci\u00f3n de la cookie: Almacenan informaci\u00f3n sobre c\u00f3mo se utilizan los videos de Vimeo para que se puedan hacer mejoras e informar de nuestra productividad. Podr\u00edamos utilizer cookies anal\u00edticas para probar nuevas p\u00e1ginas, anuncios para ver c\u00f3mo reaccionan los usuarios. (Cookies: aka_debug, __utma, __utmb, __utmc, __utmz, player)<\/div>\n<div>M\u00e1s informaci\u00f3n del uso de las cookies de terceros:<\/div>\n<div>http:\/\/vimeo.com\/cookie_policy<\/div>\n<div><br><\/div>\n<\/div>\n<div><b>Player.vimeo.com:<\/b><\/div>\n<div><div>Dominio desde el que se env\u00eda: vimeo.com<\/div><div>Descripci\u00f3n: Estas cookies se instalan al mostrar cualquier video de Vimeo en una p\u00e1gina. Aparecen bajo los dominios: av.vimeo.com, vimeo.com, player.vimeo.com y secure-a.vimeocdn.com<\/div><div>Propia\/de terceros:Terceros<\/div><div>Finalidad: Preferencias<\/div><div>Fecha de caducidad: 12 meses<\/div><div>Excluida\/No excluida (del deber de la informaci\u00f3n y consentimiento): No excluida<\/div><\/div><div><br><\/div>\n<div><b>Montedecutamilla.com:<\/b><\/div>\n<div>\n<p>Esenciales<b>:<\/b> son necesarias para el correcto funcionamiento de nuestra p\u00e1gina web.<br><span style=\"color: inherit; font-family: inherit; font-size: inherit; font-style: inherit; font-weight: inherit;\">Estad\u00edsticas<\/span><span style=\"color: inherit; font-family: inherit; font-size: inherit; font-style: inherit; font-weight: bold;\">:<\/span><span style=\"color: inherit; font-family: inherit; font-size: inherit; font-style: inherit; font-weight: inherit;\"> las utilizamos para conocer c\u00f3mo navegan nuestros visitantes por la p\u00e1gina web y optimizarla para ofrecer una mejor experiencia nuestros usuarios.<br><\/span><span style=\"color: inherit; font-family: inherit; font-size: inherit; font-style: inherit; font-weight: inherit;\">Funcionales<\/span><span style=\"color: inherit; font-family: inherit; font-size: inherit; font-style: inherit; font-weight: bold;\">:<\/span><span style=\"color: inherit; font-family: inherit; font-size: inherit; font-style: inherit; font-weight: inherit;\"> son cookies que nos ayudan con artes no esenciales de nuestra web.<\/span><\/p>\n<\/div>\n<h3>\u00bfPuedo controlar las cookies?<\/h3>\n<div>\n<p>Puede restringir, bloquear o borrar las cookies de la web o cualquier otra p\u00e1gina web utilizando su navegador. En cada navegador la operativa es diferente, la funci\u00f3n de &#8220;Ayuda&#8221; le mostrar\u00e1 c\u00f3mo hacerlo.<\/p>\n<\/div>\n<\/div>\t\t\t\t\t\t\t\t<\/div>\n\t\t\t\t<\/div>\n\t\t\t\t\t<\/div>\n\t\t<\/div>\n\t\t\t\t\t<\/div>\n\t\t<\/section>\n\t\t\t\t<\/div>\n\t\t","protected":false},"excerpt":{"rendered":"<p>\u00bfQu\u00e9 son las cookies? Una cookie es un peque\u00f1o fragmento de texto que los sitios web que visita env\u00edan al navegador y que permite que el sitio web recuerde informaci\u00f3n sobre su visita, como su idioma preferido y otras opciones, con el fin de facilitar su pr\u00f3xima visita y hacer que el sitio le resulte &#8230; <a title=\"Cookie Policy\" class=\"read-more\" href=\"https:\/\/montedecutamilla.com\/en\/cookie-policy\/\" aria-label=\"More on Cookie Policy\">Read more<\/a><\/p>\n","protected":false},"author":1,"featured_media":0,"parent":0,"menu_order":0,"comment_status":"closed","ping_status":"closed","template":"","meta":{"footnotes":""},"class_list":["post-2630","page","type-page","status-publish"],"_links":{"self":[{"href":"https:\/\/montedecutamilla.com\/en\/wp-json\/wp\/v2\/pages\/2630","targetHints":{"allow":["GET"]}}],"collection":[{"href":"https:\/\/montedecutamilla.com\/en\/wp-json\/wp\/v2\/pages"}],"about":[{"href":"https:\/\/montedecutamilla.com\/en\/wp-json\/wp\/v2\/types\/page"}],"author":[{"embeddable":true,"href":"https:\/\/montedecutamilla.com\/en\/wp-json\/wp\/v2\/users\/1"}],"replies":[{"embeddable":true,"href":"https:\/\/montedecutamilla.com\/en\/wp-json\/wp\/v2\/comments?post=2630"}],"version-history":[{"count":1,"href":"https:\/\/montedecutamilla.com\/en\/wp-json\/wp\/v2\/pages\/2630\/revisions"}],"predecessor-version":[{"id":2631,"href":"https:\/\/montedecutamilla.com\/en\/wp-json\/wp\/v2\/pages\/2630\/revisions\/2631"}],"wp:attachment":[{"href":"https:\/\/montedecutamilla.com\/en\/wp-json\/wp\/v2\/media?parent=2630"}],"curies":[{"name":"wp","href":"https:\/\/api.w.org\/{rel}","templated":true}]}}