{"id":2676,"date":"2020-05-20T15:33:11","date_gmt":"2020-05-20T13:33:11","guid":{"rendered":"https:\/\/montedecutamilla.com\/gastronomy\/"},"modified":"2020-05-20T15:33:12","modified_gmt":"2020-05-20T13:33:12","slug":"gastronomy","status":"publish","type":"page","link":"https:\/\/montedecutamilla.com\/en\/gastronomy\/","title":{"rendered":"Gastronomy"},"content":{"rendered":"\t\t<div data-elementor-type=\"wp-post\" data-elementor-id=\"2676\" class=\"elementor elementor-2676 elementor-505\" data-elementor-post-type=\"page\">\n\t\t\t\t\t\t<section class=\"elementor-section elementor-top-section elementor-element elementor-element-3abe1d47 elementor-section-full_width elementor-section-height-min-height elementor-section-stretched elementor-section-height-default elementor-section-items-middle\" data-id=\"3abe1d47\" data-element_type=\"section\" data-e-type=\"section\" data-settings=\"{&quot;background_background&quot;:&quot;classic&quot;,&quot;stretch_section&quot;:&quot;section-stretched&quot;}\">\n\t\t\t\t\t\t\t<div class=\"elementor-background-overlay\"><\/div>\n\t\t\t\t\t\t\t<div class=\"elementor-container elementor-column-gap-default\">\n\t\t\t\t\t<div class=\"elementor-column elementor-col-100 elementor-top-column elementor-element elementor-element-1cd780e3\" data-id=\"1cd780e3\" data-element_type=\"column\" data-e-type=\"column\">\n\t\t\t<div class=\"elementor-widget-wrap elementor-element-populated\">\n\t\t\t\t\t\t<div class=\"elementor-element elementor-element-367392ab elementor-widget elementor-widget-spacer\" data-id=\"367392ab\" data-element_type=\"widget\" data-e-type=\"widget\" data-widget_type=\"spacer.default\">\n\t\t\t\t<div class=\"elementor-widget-container\">\n\t\t\t\t\t\t\t<div class=\"elementor-spacer\">\n\t\t\t<div class=\"elementor-spacer-inner\"><\/div>\n\t\t<\/div>\n\t\t\t\t\t\t<\/div>\n\t\t\t\t<\/div>\n\t\t\t\t<div class=\"elementor-element elementor-element-5f34959 elementor-widget elementor-widget-heading\" data-id=\"5f34959\" data-element_type=\"widget\" data-e-type=\"widget\" data-widget_type=\"heading.default\">\n\t\t\t\t<div class=\"elementor-widget-container\">\n\t\t\t\t\t<h1 class=\"elementor-heading-title elementor-size-default\">Grand Diplome Cordon Bleu Par\u00eds<\/h1>\t\t\t\t<\/div>\n\t\t\t\t<\/div>\n\t\t\t\t\t<\/div>\n\t\t<\/div>\n\t\t\t\t\t<\/div>\n\t\t<\/section>\n\t\t\t\t<section class=\"elementor-section elementor-top-section elementor-element elementor-element-3cc0b1ec elementor-section-boxed elementor-section-height-default elementor-section-height-default\" data-id=\"3cc0b1ec\" data-element_type=\"section\" data-e-type=\"section\" data-settings=\"{&quot;background_background&quot;:&quot;classic&quot;}\">\n\t\t\t\t\t\t<div class=\"elementor-container elementor-column-gap-default\">\n\t\t\t\t\t<div class=\"elementor-column elementor-col-100 elementor-top-column elementor-element elementor-element-49a1bbed\" data-id=\"49a1bbed\" data-element_type=\"column\" data-e-type=\"column\">\n\t\t\t<div class=\"elementor-widget-wrap elementor-element-populated\">\n\t\t\t\t\t\t<div class=\"elementor-element elementor-element-63144f20 elementor-widget elementor-widget-spacer\" data-id=\"63144f20\" data-element_type=\"widget\" data-e-type=\"widget\" data-widget_type=\"spacer.default\">\n\t\t\t\t<div class=\"elementor-widget-container\">\n\t\t\t\t\t\t\t<div class=\"elementor-spacer\">\n\t\t\t<div class=\"elementor-spacer-inner\"><\/div>\n\t\t<\/div>\n\t\t\t\t\t\t<\/div>\n\t\t\t\t<\/div>\n\t\t\t\t<div class=\"elementor-element elementor-element-4fea81f elementor-widget elementor-widget-spacer\" data-id=\"4fea81f\" data-element_type=\"widget\" data-e-type=\"widget\" data-widget_type=\"spacer.default\">\n\t\t\t\t<div class=\"elementor-widget-container\">\n\t\t\t\t\t\t\t<div class=\"elementor-spacer\">\n\t\t\t<div class=\"elementor-spacer-inner\"><\/div>\n\t\t<\/div>\n\t\t\t\t\t\t<\/div>\n\t\t\t\t<\/div>\n\t\t\t\t<div class=\"elementor-element elementor-element-b9714ab elementor-widget elementor-widget-text-editor\" data-id=\"b9714ab\" data-element_type=\"widget\" data-e-type=\"widget\" data-widget_type=\"text-editor.default\">\n\t\t\t\t<div class=\"elementor-widget-container\">\n\t\t\t\t\t\t\t\t\t<p>Our chef Mara Ons\u00e9s, Gran Diplome Cordon Bleu Par\u00eds, is one of the proprietors of the estate. You will be amazed by her interesting creations in the field of evolved traditional Spanish cooking and haute cuisine.<\/p>\n<p>Mara designs the business and wedding menus and also personally delivers her famous cooking classes, \u201cThe Cooking Experience\u201d, as a complementary activity at business meetings. Many of the primary food materials used in the estate come from the very same natural reserve. Vegetables and fruits from the orchards of the estate, wild-game sourced from the preserve (fillets of venison, sirloins of wild-boar\u2026), honey, eggs from our own hens, including meat from our cattle reared in the open air on the rich pastures of the estate\u2019s grounds, acorns, green oak shoots, and cereals that are sown here.<\/p>\n<p>The maximum quality and attention to detail is guaranteed.<\/p>\n\t\t\t\t\t\t\t\t<\/div>\n\t\t\t\t<\/div>\n\t\t\t\t<div class=\"elementor-element elementor-element-73feb8ad elementor-widget elementor-widget-spacer\" data-id=\"73feb8ad\" data-element_type=\"widget\" data-e-type=\"widget\" data-widget_type=\"spacer.default\">\n\t\t\t\t<div class=\"elementor-widget-container\">\n\t\t\t\t\t\t\t<div class=\"elementor-spacer\">\n\t\t\t<div class=\"elementor-spacer-inner\"><\/div>\n\t\t<\/div>\n\t\t\t\t\t\t<\/div>\n\t\t\t\t<\/div>\n\t\t\t\t\t<\/div>\n\t\t<\/div>\n\t\t\t\t\t<\/div>\n\t\t<\/section>\n\t\t\t\t<section class=\"elementor-section elementor-top-section elementor-element elementor-element-7f5f0c1 elementor-section-boxed elementor-section-height-default elementor-section-height-default\" data-id=\"7f5f0c1\" data-element_type=\"section\" data-e-type=\"section\">\n\t\t\t\t\t\t<div class=\"elementor-container elementor-column-gap-default\">\n\t\t\t\t\t<div class=\"elementor-column elementor-col-100 elementor-top-column elementor-element elementor-element-9626645\" data-id=\"9626645\" data-element_type=\"column\" data-e-type=\"column\">\n\t\t\t<div class=\"elementor-widget-wrap elementor-element-populated\">\n\t\t\t\t\t\t<div class=\"elementor-element elementor-element-7bd3f56 elementor-arrows-position-inside elementor-pagination-position-outside elementor-widget elementor-widget-image-carousel\" data-id=\"7bd3f56\" data-element_type=\"widget\" data-e-type=\"widget\" data-settings=\"{&quot;slides_to_show&quot;:&quot;3&quot;,&quot;slides_to_scroll&quot;:&quot;3&quot;,&quot;navigation&quot;:&quot;both&quot;,&quot;autoplay&quot;:&quot;yes&quot;,&quot;pause_on_hover&quot;:&quot;yes&quot;,&quot;pause_on_interaction&quot;:&quot;yes&quot;,&quot;autoplay_speed&quot;:5000,&quot;infinite&quot;:&quot;yes&quot;,&quot;speed&quot;:500}\" data-widget_type=\"image-carousel.default\">\n\t\t\t\t<div class=\"elementor-widget-container\">\n\t\t\t\t\t\t\t<div class=\"elementor-image-carousel-wrapper swiper\" role=\"region\" aria-roledescription=\"carousel\" aria-label=\"Image Carousel\" dir=\"ltr\">\n\t\t\t<div class=\"elementor-image-carousel swiper-wrapper\" aria-live=\"off\">\n\t\t\t\t\t\t\t\t<div class=\"swiper-slide\" role=\"group\" aria-roledescription=\"slide\" aria-label=\"1 of 19\"><a data-elementor-open-lightbox=\"no\" href=\"https:\/\/montedecutamilla.com\/wp-content\/uploads\/2019\/10\/6.1_CORDON1.jpg\"><figure class=\"swiper-slide-inner\"><img decoding=\"async\" class=\"swiper-slide-image\" src=\"https:\/\/montedecutamilla.com\/wp-content\/uploads\/2019\/10\/6.1_CORDON1-605x465.jpg\" alt=\"6.1_CORDON1\" \/><\/figure><\/a><\/div><div class=\"swiper-slide\" role=\"group\" aria-roledescription=\"slide\" aria-label=\"2 of 19\"><a data-elementor-open-lightbox=\"no\" href=\"https:\/\/montedecutamilla.com\/wp-content\/uploads\/2019\/10\/6.1_CORDON2.jpg\"><figure class=\"swiper-slide-inner\"><img decoding=\"async\" class=\"swiper-slide-image\" src=\"https:\/\/montedecutamilla.com\/wp-content\/uploads\/2019\/10\/6.1_CORDON2-605x465.jpg\" alt=\"6.1_CORDON2\" \/><\/figure><\/a><\/div><div class=\"swiper-slide\" role=\"group\" aria-roledescription=\"slide\" aria-label=\"3 of 19\"><a data-elementor-open-lightbox=\"no\" href=\"https:\/\/montedecutamilla.com\/wp-content\/uploads\/2019\/10\/6.1_CORDON3.jpg\"><figure class=\"swiper-slide-inner\"><img decoding=\"async\" class=\"swiper-slide-image\" src=\"https:\/\/montedecutamilla.com\/wp-content\/uploads\/2019\/10\/6.1_CORDON3-605x465.jpg\" alt=\"6.1_CORDON3\" \/><\/figure><\/a><\/div><div class=\"swiper-slide\" role=\"group\" aria-roledescription=\"slide\" aria-label=\"4 of 19\"><a data-elementor-open-lightbox=\"no\" href=\"https:\/\/montedecutamilla.com\/wp-content\/uploads\/2019\/10\/6.1_CORDON4.jpg\"><figure class=\"swiper-slide-inner\"><img decoding=\"async\" class=\"swiper-slide-image\" src=\"https:\/\/montedecutamilla.com\/wp-content\/uploads\/2019\/10\/6.1_CORDON4-605x465.jpg\" alt=\"6.1_CORDON4\" \/><\/figure><\/a><\/div><div class=\"swiper-slide\" role=\"group\" aria-roledescription=\"slide\" aria-label=\"5 of 19\"><a data-elementor-open-lightbox=\"no\" href=\"https:\/\/montedecutamilla.com\/wp-content\/uploads\/2019\/10\/6.1_CORDON5.jpg\"><figure class=\"swiper-slide-inner\"><img decoding=\"async\" class=\"swiper-slide-image\" src=\"https:\/\/montedecutamilla.com\/wp-content\/uploads\/2019\/10\/6.1_CORDON5-605x465.jpg\" alt=\"6.1_CORDON5\" \/><\/figure><\/a><\/div><div class=\"swiper-slide\" role=\"group\" aria-roledescription=\"slide\" aria-label=\"6 of 19\"><a data-elementor-open-lightbox=\"no\" href=\"https:\/\/montedecutamilla.com\/wp-content\/uploads\/2019\/10\/6.1_CORDON6.jpg\"><figure class=\"swiper-slide-inner\"><img decoding=\"async\" class=\"swiper-slide-image\" src=\"https:\/\/montedecutamilla.com\/wp-content\/uploads\/2019\/10\/6.1_CORDON6-605x465.jpg\" alt=\"6.1_CORDON6\" \/><\/figure><\/a><\/div><div class=\"swiper-slide\" role=\"group\" aria-roledescription=\"slide\" aria-label=\"7 of 19\"><a data-elementor-open-lightbox=\"no\" href=\"https:\/\/montedecutamilla.com\/wp-content\/uploads\/2019\/10\/6.1_CORDON7.jpg\"><figure class=\"swiper-slide-inner\"><img decoding=\"async\" class=\"swiper-slide-image\" src=\"https:\/\/montedecutamilla.com\/wp-content\/uploads\/2019\/10\/6.1_CORDON7-605x465.jpg\" alt=\"6.1_CORDON7\" \/><\/figure><\/a><\/div><div class=\"swiper-slide\" role=\"group\" aria-roledescription=\"slide\" aria-label=\"8 of 19\"><a data-elementor-open-lightbox=\"no\" href=\"https:\/\/montedecutamilla.com\/wp-content\/uploads\/2019\/10\/6.1_CORDON8.jpg\"><figure class=\"swiper-slide-inner\"><img decoding=\"async\" class=\"swiper-slide-image\" src=\"https:\/\/montedecutamilla.com\/wp-content\/uploads\/2019\/10\/6.1_CORDON8-605x465.jpg\" alt=\"6.1_CORDON8\" \/><\/figure><\/a><\/div><div class=\"swiper-slide\" role=\"group\" aria-roledescription=\"slide\" aria-label=\"9 of 19\"><a data-elementor-open-lightbox=\"no\" href=\"https:\/\/montedecutamilla.com\/wp-content\/uploads\/2019\/10\/6.1_CORDON9.jpg\"><figure class=\"swiper-slide-inner\"><img decoding=\"async\" class=\"swiper-slide-image\" src=\"https:\/\/montedecutamilla.com\/wp-content\/uploads\/2019\/10\/6.1_CORDON9-605x465.jpg\" alt=\"6.1_CORDON9\" \/><\/figure><\/a><\/div><div class=\"swiper-slide\" role=\"group\" aria-roledescription=\"slide\" aria-label=\"10 of 19\"><a data-elementor-open-lightbox=\"no\" href=\"https:\/\/montedecutamilla.com\/wp-content\/uploads\/2019\/10\/6.1_CORDON10.jpg\"><figure class=\"swiper-slide-inner\"><img decoding=\"async\" class=\"swiper-slide-image\" src=\"https:\/\/montedecutamilla.com\/wp-content\/uploads\/2019\/10\/6.1_CORDON10-605x465.jpg\" alt=\"6.1_CORDON10\" \/><\/figure><\/a><\/div><div class=\"swiper-slide\" role=\"group\" aria-roledescription=\"slide\" aria-label=\"11 of 19\"><a data-elementor-open-lightbox=\"no\" href=\"https:\/\/montedecutamilla.com\/wp-content\/uploads\/2019\/10\/6.1_CORDON11.jpg\"><figure class=\"swiper-slide-inner\"><img decoding=\"async\" class=\"swiper-slide-image\" src=\"https:\/\/montedecutamilla.com\/wp-content\/uploads\/2019\/10\/6.1_CORDON11-605x465.jpg\" alt=\"6.1_CORDON11\" \/><\/figure><\/a><\/div><div class=\"swiper-slide\" role=\"group\" aria-roledescription=\"slide\" aria-label=\"12 of 19\"><a data-elementor-open-lightbox=\"no\" href=\"https:\/\/montedecutamilla.com\/wp-content\/uploads\/2019\/10\/6.1_CORDON12.jpg\"><figure class=\"swiper-slide-inner\"><img decoding=\"async\" class=\"swiper-slide-image\" src=\"https:\/\/montedecutamilla.com\/wp-content\/uploads\/2019\/10\/6.1_CORDON12-605x465.jpg\" alt=\"6.1_CORDON12\" \/><\/figure><\/a><\/div><div class=\"swiper-slide\" role=\"group\" aria-roledescription=\"slide\" aria-label=\"13 of 19\"><a data-elementor-open-lightbox=\"no\" href=\"https:\/\/montedecutamilla.com\/wp-content\/uploads\/2019\/10\/6.1_CORDON13.jpg\"><figure class=\"swiper-slide-inner\"><img decoding=\"async\" class=\"swiper-slide-image\" src=\"https:\/\/montedecutamilla.com\/wp-content\/uploads\/2019\/10\/6.1_CORDON13-605x465.jpg\" alt=\"6.1_CORDON13\" \/><\/figure><\/a><\/div><div class=\"swiper-slide\" role=\"group\" aria-roledescription=\"slide\" aria-label=\"14 of 19\"><a data-elementor-open-lightbox=\"no\" href=\"https:\/\/montedecutamilla.com\/wp-content\/uploads\/2019\/10\/6.1_CORDON14.jpg\"><figure class=\"swiper-slide-inner\"><img decoding=\"async\" class=\"swiper-slide-image\" src=\"https:\/\/montedecutamilla.com\/wp-content\/uploads\/2019\/10\/6.1_CORDON14-605x465.jpg\" alt=\"6.1_CORDON14\" \/><\/figure><\/a><\/div><div class=\"swiper-slide\" role=\"group\" aria-roledescription=\"slide\" aria-label=\"15 of 19\"><a data-elementor-open-lightbox=\"no\" href=\"https:\/\/montedecutamilla.com\/wp-content\/uploads\/2019\/10\/6.1_CORDON15.jpg\"><figure class=\"swiper-slide-inner\"><img decoding=\"async\" class=\"swiper-slide-image\" src=\"https:\/\/montedecutamilla.com\/wp-content\/uploads\/2019\/10\/6.1_CORDON15-605x465.jpg\" alt=\"6.1_CORDON15\" \/><\/figure><\/a><\/div><div class=\"swiper-slide\" role=\"group\" aria-roledescription=\"slide\" aria-label=\"16 of 19\"><a data-elementor-open-lightbox=\"no\" href=\"https:\/\/montedecutamilla.com\/wp-content\/uploads\/2019\/10\/6.1_CORDON16.jpg\"><figure class=\"swiper-slide-inner\"><img decoding=\"async\" class=\"swiper-slide-image\" src=\"https:\/\/montedecutamilla.com\/wp-content\/uploads\/2019\/10\/6.1_CORDON16-605x465.jpg\" alt=\"6.1_CORDON16\" \/><\/figure><\/a><\/div><div class=\"swiper-slide\" role=\"group\" aria-roledescription=\"slide\" aria-label=\"17 of 19\"><a data-elementor-open-lightbox=\"no\" href=\"https:\/\/montedecutamilla.com\/wp-content\/uploads\/2019\/10\/6.1_CORDON17.jpg\"><figure class=\"swiper-slide-inner\"><img decoding=\"async\" class=\"swiper-slide-image\" src=\"https:\/\/montedecutamilla.com\/wp-content\/uploads\/2019\/10\/6.1_CORDON17-605x465.jpg\" alt=\"6.1_CORDON17\" \/><\/figure><\/a><\/div><div class=\"swiper-slide\" role=\"group\" aria-roledescription=\"slide\" aria-label=\"18 of 19\"><a data-elementor-open-lightbox=\"no\" href=\"https:\/\/montedecutamilla.com\/wp-content\/uploads\/2019\/10\/LUBINA-AL-HORNO_.jpg\"><figure class=\"swiper-slide-inner\"><img decoding=\"async\" class=\"swiper-slide-image\" src=\"https:\/\/montedecutamilla.com\/wp-content\/uploads\/2019\/10\/LUBINA-AL-HORNO_-605x465.jpg\" alt=\"LUBINA AL HORNO_\" \/><\/figure><\/a><\/div><div class=\"swiper-slide\" role=\"group\" aria-roledescription=\"slide\" aria-label=\"19 of 19\"><a data-elementor-open-lightbox=\"no\" href=\"https:\/\/montedecutamilla.com\/wp-content\/uploads\/2019\/10\/MERLUZA-CON-TAPENADE-DE-TOMATE-Y-PI\u00d1ONES.jpg\"><figure class=\"swiper-slide-inner\"><img decoding=\"async\" class=\"swiper-slide-image\" src=\"https:\/\/montedecutamilla.com\/wp-content\/uploads\/2019\/10\/MERLUZA-CON-TAPENADE-DE-TOMATE-Y-PI\u00d1ONES-605x465.jpg\" alt=\"MERLUZA CON TAPENADE DE TOMATE Y PI\u00d1ONES\" \/><\/figure><\/a><\/div>\t\t\t<\/div>\n\t\t\t\t\t\t\t\t\t\t\t\t<div class=\"elementor-swiper-button elementor-swiper-button-prev\" role=\"button\" tabindex=\"0\">\n\t\t\t\t\t\t<i aria-hidden=\"true\" class=\"eicon-chevron-left\"><\/i>\t\t\t\t\t<\/div>\n\t\t\t\t\t<div class=\"elementor-swiper-button elementor-swiper-button-next\" role=\"button\" tabindex=\"0\">\n\t\t\t\t\t\t<i aria-hidden=\"true\" class=\"eicon-chevron-right\"><\/i>\t\t\t\t\t<\/div>\n\t\t\t\t\n\t\t\t\t\t\t\t\t\t<div class=\"swiper-pagination\"><\/div>\n\t\t\t\t\t\t\t\t\t<\/div>\n\t\t\t\t\t\t<\/div>\n\t\t\t\t<\/div>\n\t\t\t\t\t<\/div>\n\t\t<\/div>\n\t\t\t\t\t<\/div>\n\t\t<\/section>\n\t\t\t\t<\/div>\n\t\t","protected":false},"excerpt":{"rendered":"<p>Grand Diplome Cordon Bleu Par\u00eds Our chef Mara Ons\u00e9s, Gran Diplome Cordon Bleu Par\u00eds, is one of the proprietors of the estate. You will be amazed by her interesting creations in the field of evolved traditional Spanish cooking and haute cuisine. Mara designs the business and wedding menus and also personally delivers her famous cooking &#8230; <a title=\"Gastronomy\" class=\"read-more\" href=\"https:\/\/montedecutamilla.com\/en\/gastronomy\/\" aria-label=\"More on Gastronomy\">Read more<\/a><\/p>\n","protected":false},"author":1,"featured_media":0,"parent":0,"menu_order":7,"comment_status":"closed","ping_status":"closed","template":"elementor_header_footer","meta":{"footnotes":""},"class_list":["post-2676","page","type-page","status-publish"],"_links":{"self":[{"href":"https:\/\/montedecutamilla.com\/en\/wp-json\/wp\/v2\/pages\/2676","targetHints":{"allow":["GET"]}}],"collection":[{"href":"https:\/\/montedecutamilla.com\/en\/wp-json\/wp\/v2\/pages"}],"about":[{"href":"https:\/\/montedecutamilla.com\/en\/wp-json\/wp\/v2\/types\/page"}],"author":[{"embeddable":true,"href":"https:\/\/montedecutamilla.com\/en\/wp-json\/wp\/v2\/users\/1"}],"replies":[{"embeddable":true,"href":"https:\/\/montedecutamilla.com\/en\/wp-json\/wp\/v2\/comments?post=2676"}],"version-history":[{"count":1,"href":"https:\/\/montedecutamilla.com\/en\/wp-json\/wp\/v2\/pages\/2676\/revisions"}],"predecessor-version":[{"id":2677,"href":"https:\/\/montedecutamilla.com\/en\/wp-json\/wp\/v2\/pages\/2676\/revisions\/2677"}],"wp:attachment":[{"href":"https:\/\/montedecutamilla.com\/en\/wp-json\/wp\/v2\/media?parent=2676"}],"curies":[{"name":"wp","href":"https:\/\/api.w.org\/{rel}","templated":true}]}}