{"id":2682,"date":"2020-05-20T15:36:10","date_gmt":"2020-05-20T13:36:10","guid":{"rendered":"https:\/\/montedecutamilla.com\/thank-you\/"},"modified":"2020-05-20T15:36:10","modified_gmt":"2020-05-20T13:36:10","slug":"thank-you","status":"publish","type":"page","link":"https:\/\/montedecutamilla.com\/en\/thank-you\/","title":{"rendered":"Thank You"},"content":{"rendered":"\t\t<div data-elementor-type=\"wp-post\" data-elementor-id=\"2682\" class=\"elementor elementor-2682 elementor-1115\" data-elementor-post-type=\"page\">\n\t\t\t\t\t\t<section class=\"elementor-section elementor-top-section elementor-element elementor-element-9diqe2l elementor-section-full_width elementor-section-height-default elementor-section-height-default\" data-id=\"9diqe2l\" data-element_type=\"section\" data-e-type=\"section\">\n\t\t\t\t\t\t<div class=\"elementor-container elementor-column-gap-no\">\n\t\t\t\t\t<div class=\"elementor-column elementor-col-100 elementor-top-column elementor-element elementor-element-euwlt2i\" data-id=\"euwlt2i\" data-element_type=\"column\" data-e-type=\"column\">\n\t\t\t<div class=\"elementor-widget-wrap elementor-element-populated\">\n\t\t\t\t\t\t<div class=\"elementor-element elementor-element-a8c1cb2 elementor-widget elementor-widget-heading\" data-id=\"a8c1cb2\" data-element_type=\"widget\" data-e-type=\"widget\" data-widget_type=\"heading.default\">\n\t\t\t\t<div class=\"elementor-widget-container\">\n\t\t\t\t\t<h2 class=\"elementor-heading-title elementor-size-default\"><br>Gracias, en breve nos pondremos en contacto con usted<br><\/h2>\t\t\t\t<\/div>\n\t\t\t\t<\/div>\n\t\t\t\t<div class=\"elementor-element elementor-element-2e96c4e elementor-widget elementor-widget-spacer\" data-id=\"2e96c4e\" data-element_type=\"widget\" data-e-type=\"widget\" data-widget_type=\"spacer.default\">\n\t\t\t\t<div class=\"elementor-widget-container\">\n\t\t\t\t\t\t\t<div class=\"elementor-spacer\">\n\t\t\t<div class=\"elementor-spacer-inner\"><\/div>\n\t\t<\/div>\n\t\t\t\t\t\t<\/div>\n\t\t\t\t<\/div>\n\t\t\t\t\t<\/div>\n\t\t<\/div>\n\t\t\t\t\t<\/div>\n\t\t<\/section>\n\t\t\t\t<section class=\"elementor-section elementor-top-section elementor-element elementor-element-o7twky5 elementor-section-boxed elementor-section-height-default elementor-section-height-default\" data-id=\"o7twky5\" data-element_type=\"section\" data-e-type=\"section\">\n\t\t\t\t\t\t<div class=\"elementor-container elementor-column-gap-extended\">\n\t\t\t\t\t<div class=\"elementor-column elementor-col-100 elementor-top-column elementor-element elementor-element-xcn0qg2\" data-id=\"xcn0qg2\" data-element_type=\"column\" data-e-type=\"column\">\n\t\t\t<div class=\"elementor-widget-wrap\">\n\t\t\t\t\t\t\t<\/div>\n\t\t<\/div>\n\t\t\t\t\t<\/div>\n\t\t<\/section>\n\t\t\t\t<\/div>\n\t\t","protected":false},"excerpt":{"rendered":"<p>Gracias, en breve nos pondremos en contacto con usted \u00bfD\u00f3nde estamos? Km 12,100 de la CM1101, Sig\u00fcenza, Guadalajara. C\u00f3mo llegar Estamos a 117 km de Madrid, cogiendo la salida 104 de la A-2 (Madrid-Barcelona) en direcci\u00f3n a Sig\u00fcenza, y en el km 12.1 de la CM-1101. El aeropuerto de Barajas se encuentra a 105 km, &#8230; <a title=\"Thank You\" class=\"read-more\" href=\"https:\/\/montedecutamilla.com\/en\/thank-you\/\" aria-label=\"More on Thank You\">Read more<\/a><\/p>\n","protected":false},"author":1,"featured_media":0,"parent":0,"menu_order":10,"comment_status":"closed","ping_status":"closed","template":"","meta":{"footnotes":""},"class_list":["post-2682","page","type-page","status-publish"],"_links":{"self":[{"href":"https:\/\/montedecutamilla.com\/en\/wp-json\/wp\/v2\/pages\/2682","targetHints":{"allow":["GET"]}}],"collection":[{"href":"https:\/\/montedecutamilla.com\/en\/wp-json\/wp\/v2\/pages"}],"about":[{"href":"https:\/\/montedecutamilla.com\/en\/wp-json\/wp\/v2\/types\/page"}],"author":[{"embeddable":true,"href":"https:\/\/montedecutamilla.com\/en\/wp-json\/wp\/v2\/users\/1"}],"replies":[{"embeddable":true,"href":"https:\/\/montedecutamilla.com\/en\/wp-json\/wp\/v2\/comments?post=2682"}],"version-history":[{"count":1,"href":"https:\/\/montedecutamilla.com\/en\/wp-json\/wp\/v2\/pages\/2682\/revisions"}],"predecessor-version":[{"id":2683,"href":"https:\/\/montedecutamilla.com\/en\/wp-json\/wp\/v2\/pages\/2682\/revisions\/2683"}],"wp:attachment":[{"href":"https:\/\/montedecutamilla.com\/en\/wp-json\/wp\/v2\/media?parent=2682"}],"curies":[{"name":"wp","href":"https:\/\/api.w.org\/{rel}","templated":true}]}}