{"id":2710,"date":"2020-05-20T15:56:31","date_gmt":"2020-05-20T13:56:31","guid":{"rendered":"https:\/\/montedecutamilla.com\/las-habitaciones\/"},"modified":"2020-05-20T15:56:32","modified_gmt":"2020-05-20T13:56:32","slug":"las-habitaciones","status":"publish","type":"page","link":"https:\/\/montedecutamilla.com\/en\/las-habitaciones\/","title":{"rendered":"Las Habitaciones"},"content":{"rendered":"\t\t<div data-elementor-type=\"wp-post\" data-elementor-id=\"2710\" class=\"elementor elementor-2710 elementor-337\" data-elementor-post-type=\"page\">\n\t\t\t\t\t\t<section class=\"elementor-section elementor-top-section elementor-element elementor-element-6229ba4 elementor-section-full_width elementor-section-height-min-height elementor-section-stretched elementor-section-height-default elementor-section-items-middle\" data-id=\"6229ba4\" data-element_type=\"section\" data-e-type=\"section\" data-settings=\"{&quot;background_background&quot;:&quot;classic&quot;,&quot;stretch_section&quot;:&quot;section-stretched&quot;}\">\n\t\t\t\t\t\t\t<div class=\"elementor-background-overlay\"><\/div>\n\t\t\t\t\t\t\t<div class=\"elementor-container elementor-column-gap-default\">\n\t\t\t\t\t<div class=\"elementor-column elementor-col-100 elementor-top-column elementor-element elementor-element-1f66876d\" data-id=\"1f66876d\" data-element_type=\"column\" data-e-type=\"column\">\n\t\t\t<div class=\"elementor-widget-wrap elementor-element-populated\">\n\t\t\t\t\t\t<div class=\"elementor-element elementor-element-0b9e45b elementor-widget elementor-widget-heading\" data-id=\"0b9e45b\" data-element_type=\"widget\" data-e-type=\"widget\" data-widget_type=\"heading.default\">\n\t\t\t\t<div class=\"elementor-widget-container\">\n\t\t\t\t\t<h1 class=\"elementor-heading-title elementor-size-default\">El Palacete<\/h1>\t\t\t\t<\/div>\n\t\t\t\t<\/div>\n\t\t\t\t<div class=\"elementor-element elementor-element-68d1557 elementor-widget elementor-widget-spacer\" data-id=\"68d1557\" data-element_type=\"widget\" data-e-type=\"widget\" data-widget_type=\"spacer.default\">\n\t\t\t\t<div class=\"elementor-widget-container\">\n\t\t\t\t\t\t\t<div class=\"elementor-spacer\">\n\t\t\t<div class=\"elementor-spacer-inner\"><\/div>\n\t\t<\/div>\n\t\t\t\t\t\t<\/div>\n\t\t\t\t<\/div>\n\t\t\t\t\t<\/div>\n\t\t<\/div>\n\t\t\t\t\t<\/div>\n\t\t<\/section>\n\t\t\t\t<section class=\"elementor-section elementor-top-section elementor-element elementor-element-51204c8d elementor-section-boxed elementor-section-height-default elementor-section-height-default\" data-id=\"51204c8d\" data-element_type=\"section\" data-e-type=\"section\" data-settings=\"{&quot;background_background&quot;:&quot;classic&quot;}\">\n\t\t\t\t\t\t<div class=\"elementor-container elementor-column-gap-default\">\n\t\t\t\t\t<div class=\"elementor-column elementor-col-100 elementor-top-column elementor-element elementor-element-50ec539c\" data-id=\"50ec539c\" data-element_type=\"column\" data-e-type=\"column\">\n\t\t\t<div class=\"elementor-widget-wrap elementor-element-populated\">\n\t\t\t\t\t\t<div class=\"elementor-element elementor-element-183c3c17 elementor-widget elementor-widget-spacer\" data-id=\"183c3c17\" data-element_type=\"widget\" data-e-type=\"widget\" data-widget_type=\"spacer.default\">\n\t\t\t\t<div class=\"elementor-widget-container\">\n\t\t\t\t\t\t\t<div class=\"elementor-spacer\">\n\t\t\t<div class=\"elementor-spacer-inner\"><\/div>\n\t\t<\/div>\n\t\t\t\t\t\t<\/div>\n\t\t\t\t<\/div>\n\t\t\t\t<div class=\"elementor-element elementor-element-ad1305d elementor-widget elementor-widget-text-editor\" data-id=\"ad1305d\" data-element_type=\"widget\" data-e-type=\"widget\" data-widget_type=\"text-editor.default\">\n\t\t\t\t<div class=\"elementor-widget-container\">\n\t\t\t\t\t\t\t\t\t<p>El Monte de Cutamilla ofrece a los clientes que deseen pasar la noche, un conjunto de habitaciones hist\u00f3ricas con decoraci\u00f3n de \u00e9poca.<\/p>\n<p>Incluyen, en la primera planta, 6 dormitorios de 30 m2, con vistas a los distintos jardines que rodean la casa; las camas son de matrimonio o dobles y los cuartos de ba\u00f1o son grandes, con ba\u00f1era.<\/p>\n<p>La planta superior cuenta con otros 2 dormitorios de iguales caracter\u00edsticas a los anteriores y una suite familiar con capacidad para 6 personas, con vistas sobre el Jard\u00edn de las Estatuas y dos cuartos de ba\u00f1o.<\/p>\n<p>En total, el Palacete admite una ocupaci\u00f3n de unas 22 personas.<\/p>\n\t\t\t\t\t\t\t\t<\/div>\n\t\t\t\t<\/div>\n\t\t\t\t<div class=\"elementor-element elementor-element-40b9772e elementor-widget elementor-widget-spacer\" data-id=\"40b9772e\" data-element_type=\"widget\" data-e-type=\"widget\" data-widget_type=\"spacer.default\">\n\t\t\t\t<div class=\"elementor-widget-container\">\n\t\t\t\t\t\t\t<div class=\"elementor-spacer\">\n\t\t\t<div class=\"elementor-spacer-inner\"><\/div>\n\t\t<\/div>\n\t\t\t\t\t\t<\/div>\n\t\t\t\t<\/div>\n\t\t\t\t\t<\/div>\n\t\t<\/div>\n\t\t\t\t\t<\/div>\n\t\t<\/section>\n\t\t\t\t<section class=\"elementor-section elementor-top-section elementor-element elementor-element-41cfe23b elementor-section-full_width elementor-section-height-default elementor-section-height-default\" data-id=\"41cfe23b\" data-element_type=\"section\" data-e-type=\"section\">\n\t\t\t\t\t\t<div class=\"elementor-container elementor-column-gap-no\">\n\t\t\t\t\t<div class=\"elementor-column elementor-col-100 elementor-top-column elementor-element elementor-element-dc0e425\" data-id=\"dc0e425\" data-element_type=\"column\" data-e-type=\"column\">\n\t\t\t<div class=\"elementor-widget-wrap elementor-element-populated\">\n\t\t\t\t\t\t<div class=\"elementor-element elementor-element-2649bbfa elementor-arrows-position-inside elementor-pagination-position-outside elementor-widget elementor-widget-image-carousel\" data-id=\"2649bbfa\" data-element_type=\"widget\" data-e-type=\"widget\" data-settings=\"{&quot;slides_to_show&quot;:&quot;4&quot;,&quot;autoplay_speed&quot;:4000,&quot;navigation&quot;:&quot;both&quot;,&quot;autoplay&quot;:&quot;yes&quot;,&quot;pause_on_hover&quot;:&quot;yes&quot;,&quot;pause_on_interaction&quot;:&quot;yes&quot;,&quot;infinite&quot;:&quot;yes&quot;,&quot;speed&quot;:500}\" data-widget_type=\"image-carousel.default\">\n\t\t\t\t<div class=\"elementor-widget-container\">\n\t\t\t\t\t\t\t<div class=\"elementor-image-carousel-wrapper swiper\" role=\"region\" aria-roledescription=\"carousel\" aria-label=\"Image Carousel\" dir=\"ltr\">\n\t\t\t<div class=\"elementor-image-carousel swiper-wrapper\" aria-live=\"off\">\n\t\t\t\t\t\t\t\t<div class=\"swiper-slide\" role=\"group\" aria-roledescription=\"slide\" aria-label=\"1 of 12\"><a data-elementor-open-lightbox=\"no\" href=\"https:\/\/montedecutamilla.com\/wp-content\/uploads\/2019\/05\/3.1.1-Las-Habitaciones-3.1.1.N.jpg\"><figure class=\"swiper-slide-inner\"><img decoding=\"async\" class=\"swiper-slide-image\" src=\"https:\/\/montedecutamilla.com\/wp-content\/uploads\/2019\/05\/3.1.1-Las-Habitaciones-3.1.1.N-605x465.jpg\" alt=\"3.1.1-Las-Habitaciones-3.1.1.N\" \/><\/figure><\/a><\/div><div class=\"swiper-slide\" role=\"group\" aria-roledescription=\"slide\" aria-label=\"2 of 12\"><a data-elementor-open-lightbox=\"no\" href=\"https:\/\/montedecutamilla.com\/wp-content\/uploads\/2019\/05\/3.1.1-Las-Habitaciones-3.1.1.M.jpg\"><figure class=\"swiper-slide-inner\"><img decoding=\"async\" class=\"swiper-slide-image\" src=\"https:\/\/montedecutamilla.com\/wp-content\/uploads\/2019\/05\/3.1.1-Las-Habitaciones-3.1.1.M-605x465.jpg\" alt=\"SONY DSC\" \/><\/figure><\/a><\/div><div class=\"swiper-slide\" role=\"group\" aria-roledescription=\"slide\" aria-label=\"3 of 12\"><a data-elementor-open-lightbox=\"no\" href=\"https:\/\/montedecutamilla.com\/wp-content\/uploads\/2019\/05\/3.1.1-Las-Habitaciones-3.1.1.L.jpg\"><figure class=\"swiper-slide-inner\"><img decoding=\"async\" class=\"swiper-slide-image\" src=\"https:\/\/montedecutamilla.com\/wp-content\/uploads\/2019\/05\/3.1.1-Las-Habitaciones-3.1.1.L-605x465.jpg\" alt=\"3.1.1-Las-Habitaciones-3.1.1.L\" \/><\/figure><\/a><\/div><div class=\"swiper-slide\" role=\"group\" aria-roledescription=\"slide\" aria-label=\"4 of 12\"><a data-elementor-open-lightbox=\"no\" href=\"https:\/\/montedecutamilla.com\/wp-content\/uploads\/2019\/05\/3.1.1-Las-Habitaciones-3.1.1.K.jpg\"><figure class=\"swiper-slide-inner\"><img decoding=\"async\" class=\"swiper-slide-image\" src=\"https:\/\/montedecutamilla.com\/wp-content\/uploads\/2019\/05\/3.1.1-Las-Habitaciones-3.1.1.K-605x465.jpg\" alt=\"3.1.1-Las-Habitaciones-3.1.1.K\" \/><\/figure><\/a><\/div><div class=\"swiper-slide\" role=\"group\" aria-roledescription=\"slide\" aria-label=\"5 of 12\"><a data-elementor-open-lightbox=\"no\" href=\"https:\/\/montedecutamilla.com\/wp-content\/uploads\/2019\/05\/3.1.1-Las-Habitaciones-3.1.1.J.jpg\"><figure class=\"swiper-slide-inner\"><img decoding=\"async\" class=\"swiper-slide-image\" src=\"https:\/\/montedecutamilla.com\/wp-content\/uploads\/2019\/05\/3.1.1-Las-Habitaciones-3.1.1.J-605x465.jpg\" alt=\"3.1.1-Las-Habitaciones-3.1.1.J\" \/><\/figure><\/a><\/div><div class=\"swiper-slide\" role=\"group\" aria-roledescription=\"slide\" aria-label=\"6 of 12\"><a data-elementor-open-lightbox=\"no\" href=\"https:\/\/montedecutamilla.com\/wp-content\/uploads\/2019\/05\/3.1.1-Las-Habitaciones-3.1.1.I.jpg\"><figure class=\"swiper-slide-inner\"><img decoding=\"async\" class=\"swiper-slide-image\" src=\"https:\/\/montedecutamilla.com\/wp-content\/uploads\/2019\/05\/3.1.1-Las-Habitaciones-3.1.1.I-605x465.jpg\" alt=\"3.1.1-Las-Habitaciones-3.1.1.I\" \/><\/figure><\/a><\/div><div class=\"swiper-slide\" role=\"group\" aria-roledescription=\"slide\" aria-label=\"7 of 12\"><a data-elementor-open-lightbox=\"no\" href=\"https:\/\/montedecutamilla.com\/wp-content\/uploads\/2019\/05\/3.1.1-Las-Habitaciones-3.1.1.H.jpg\"><figure class=\"swiper-slide-inner\"><img decoding=\"async\" class=\"swiper-slide-image\" src=\"https:\/\/montedecutamilla.com\/wp-content\/uploads\/2019\/05\/3.1.1-Las-Habitaciones-3.1.1.H-605x465.jpg\" alt=\"3.1.1-Las-Habitaciones-3.1.1.H\" \/><\/figure><\/a><\/div><div class=\"swiper-slide\" role=\"group\" aria-roledescription=\"slide\" aria-label=\"8 of 12\"><a data-elementor-open-lightbox=\"no\" href=\"https:\/\/montedecutamilla.com\/wp-content\/uploads\/2019\/05\/3.1.1-Las-Habitaciones-3.1.1.F.jpg\"><figure class=\"swiper-slide-inner\"><img decoding=\"async\" class=\"swiper-slide-image\" src=\"https:\/\/montedecutamilla.com\/wp-content\/uploads\/2019\/05\/3.1.1-Las-Habitaciones-3.1.1.F-605x465.jpg\" alt=\"3.1.1-Las-Habitaciones-3.1.1.F\" \/><\/figure><\/a><\/div><div class=\"swiper-slide\" role=\"group\" aria-roledescription=\"slide\" aria-label=\"9 of 12\"><a data-elementor-open-lightbox=\"no\" href=\"https:\/\/montedecutamilla.com\/wp-content\/uploads\/2019\/05\/3.1.1-Las-Habitaciones-3.1.1.E.jpg\"><figure class=\"swiper-slide-inner\"><img decoding=\"async\" class=\"swiper-slide-image\" src=\"https:\/\/montedecutamilla.com\/wp-content\/uploads\/2019\/05\/3.1.1-Las-Habitaciones-3.1.1.E-605x465.jpg\" alt=\"3.1.1-Las-Habitaciones-3.1.1.E\" \/><\/figure><\/a><\/div><div class=\"swiper-slide\" role=\"group\" aria-roledescription=\"slide\" aria-label=\"10 of 12\"><a data-elementor-open-lightbox=\"no\" href=\"https:\/\/montedecutamilla.com\/wp-content\/uploads\/2019\/05\/3.1.1-Las-Habitaciones-3.1.1.D.jpg\"><figure class=\"swiper-slide-inner\"><img decoding=\"async\" class=\"swiper-slide-image\" src=\"https:\/\/montedecutamilla.com\/wp-content\/uploads\/2019\/05\/3.1.1-Las-Habitaciones-3.1.1.D-605x465.jpg\" alt=\"3.1.1-Las-Habitaciones-3.1.1.D\" \/><\/figure><\/a><\/div><div class=\"swiper-slide\" role=\"group\" aria-roledescription=\"slide\" aria-label=\"11 of 12\"><a data-elementor-open-lightbox=\"no\" href=\"https:\/\/montedecutamilla.com\/wp-content\/uploads\/2019\/05\/3.1.1-Las-Habitaciones-3.1.1.C.jpg\"><figure class=\"swiper-slide-inner\"><img decoding=\"async\" class=\"swiper-slide-image\" src=\"https:\/\/montedecutamilla.com\/wp-content\/uploads\/2019\/05\/3.1.1-Las-Habitaciones-3.1.1.C-605x465.jpg\" alt=\"3.1.1-Las-Habitaciones-3.1.1.C\" \/><\/figure><\/a><\/div><div class=\"swiper-slide\" role=\"group\" aria-roledescription=\"slide\" aria-label=\"12 of 12\"><a data-elementor-open-lightbox=\"no\" href=\"https:\/\/montedecutamilla.com\/wp-content\/uploads\/2019\/05\/3.1.1-Las-Habitaciones-3.1.1.B.jpg\"><figure class=\"swiper-slide-inner\"><img decoding=\"async\" class=\"swiper-slide-image\" src=\"https:\/\/montedecutamilla.com\/wp-content\/uploads\/2019\/05\/3.1.1-Las-Habitaciones-3.1.1.B-605x465.jpg\" alt=\"3.1.1-Las-Habitaciones-3.1.1.B\" \/><\/figure><\/a><\/div>\t\t\t<\/div>\n\t\t\t\t\t\t\t\t\t\t\t\t<div class=\"elementor-swiper-button elementor-swiper-button-prev\" role=\"button\" tabindex=\"0\">\n\t\t\t\t\t\t<i aria-hidden=\"true\" class=\"eicon-chevron-left\"><\/i>\t\t\t\t\t<\/div>\n\t\t\t\t\t<div class=\"elementor-swiper-button elementor-swiper-button-next\" role=\"button\" tabindex=\"0\">\n\t\t\t\t\t\t<i aria-hidden=\"true\" class=\"eicon-chevron-right\"><\/i>\t\t\t\t\t<\/div>\n\t\t\t\t\n\t\t\t\t\t\t\t\t\t<div class=\"swiper-pagination\"><\/div>\n\t\t\t\t\t\t\t\t\t<\/div>\n\t\t\t\t\t\t<\/div>\n\t\t\t\t<\/div>\n\t\t\t\t\t<\/div>\n\t\t<\/div>\n\t\t\t\t\t<\/div>\n\t\t<\/section>\n\t\t\t\t<\/div>\n\t\t","protected":false},"excerpt":{"rendered":"<p>El Palacete El Monte de Cutamilla ofrece a los clientes que deseen pasar la noche, un conjunto de habitaciones hist\u00f3ricas con decoraci\u00f3n de \u00e9poca. Incluyen, en la primera planta, 6 dormitorios de 30 m2, con vistas a los distintos jardines que rodean la casa; las camas son de matrimonio o dobles y los cuartos de &#8230; <a title=\"Las Habitaciones\" class=\"read-more\" href=\"https:\/\/montedecutamilla.com\/en\/las-habitaciones\/\" aria-label=\"More on Las Habitaciones\">Read more<\/a><\/p>\n","protected":false},"author":1,"featured_media":0,"parent":0,"menu_order":13,"comment_status":"closed","ping_status":"closed","template":"elementor_header_footer","meta":{"footnotes":""},"class_list":["post-2710","page","type-page","status-publish"],"_links":{"self":[{"href":"https:\/\/montedecutamilla.com\/en\/wp-json\/wp\/v2\/pages\/2710","targetHints":{"allow":["GET"]}}],"collection":[{"href":"https:\/\/montedecutamilla.com\/en\/wp-json\/wp\/v2\/pages"}],"about":[{"href":"https:\/\/montedecutamilla.com\/en\/wp-json\/wp\/v2\/types\/page"}],"author":[{"embeddable":true,"href":"https:\/\/montedecutamilla.com\/en\/wp-json\/wp\/v2\/users\/1"}],"replies":[{"embeddable":true,"href":"https:\/\/montedecutamilla.com\/en\/wp-json\/wp\/v2\/comments?post=2710"}],"version-history":[{"count":1,"href":"https:\/\/montedecutamilla.com\/en\/wp-json\/wp\/v2\/pages\/2710\/revisions"}],"predecessor-version":[{"id":2711,"href":"https:\/\/montedecutamilla.com\/en\/wp-json\/wp\/v2\/pages\/2710\/revisions\/2711"}],"wp:attachment":[{"href":"https:\/\/montedecutamilla.com\/en\/wp-json\/wp\/v2\/media?parent=2710"}],"curies":[{"name":"wp","href":"https:\/\/api.w.org\/{rel}","templated":true}]}}